{"id":20102,"date":"2025-02-11T08:24:07","date_gmt":"2025-02-11T07:24:07","guid":{"rendered":"https:\/\/globalja.de\/newweb\/?page_id=20102"},"modified":"2025-05-21T15:28:19","modified_gmt":"2025-05-21T13:28:19","slug":"contactar","status":"publish","type":"page","link":"https:\/\/www.globalja.de\/es\/contactar\/","title":{"rendered":"Formulario de contacto \u2013 Globalja"},"content":{"rendered":"\t\t<div data-elementor-type=\"wp-page\" data-elementor-id=\"20102\" class=\"elementor elementor-20102\">\n\t\t\t\t<div class=\"elementor-element elementor-element-be3fd3d e-flex e-con-boxed e-con e-parent\" data-id=\"be3fd3d\" data-element_type=\"container\" data-settings=\"{&quot;background_background&quot;:&quot;classic&quot;}\">\n\t\t\t\t\t<div class=\"e-con-inner\">\n\t\t\t\t<div class=\"elementor-element elementor-element-d97e193 elementor-widget elementor-widget-heading\" data-id=\"d97e193\" data-element_type=\"widget\" data-widget_type=\"heading.default\">\n\t\t\t\t<div class=\"elementor-widget-container\">\n\t\t\t\t\t<h1 class=\"elementor-heading-title elementor-size-default\">Ponte en contacto conmigo y hablemos de tu proyecto<\/h1>\t\t\t\t<\/div>\n\t\t\t\t<\/div>\n\t\t\t\t\t<\/div>\n\t\t\t\t<\/div>\n\t\t<div class=\"elementor-element elementor-element-8c70d88 e-flex e-con-boxed e-con e-parent\" data-id=\"8c70d88\" data-element_type=\"container\">\n\t\t\t\t\t<div class=\"e-con-inner\">\n\t\t<div class=\"elementor-element elementor-element-715b37b e-con-full e-flex e-con e-child\" data-id=\"715b37b\" data-element_type=\"container\">\n\t\t<div class=\"elementor-element elementor-element-130041d e-con-full e-flex e-con e-child\" data-id=\"130041d\" data-element_type=\"container\">\n\t\t\t\t<div class=\"elementor-element elementor-element-86f11a8 elementor-widget elementor-widget-image\" data-id=\"86f11a8\" data-element_type=\"widget\" data-widget_type=\"image.default\">\n\t\t\t\t<div class=\"elementor-widget-container\">\n\t\t\t\t\t\t\t\t\t\t\t\t\t\t\t<img fetchpriority=\"high\" decoding=\"async\" width=\"976\" height=\"1024\" src=\"https:\/\/www.globalja.de\/wp-content\/uploads\/2025\/02\/contacta-conmigo-sandra-blanco-976x1024.jpg\" class=\"attachment-large size-large wp-image-20460\" alt=\"Sandra Blanco - Contacta conmigo - Traductora texto al espa\u00f1ol en Munich\" srcset=\"https:\/\/www.globalja.de\/wp-content\/uploads\/2025\/02\/contacta-conmigo-sandra-blanco-976x1024.jpg 976w, https:\/\/www.globalja.de\/wp-content\/uploads\/2025\/02\/contacta-conmigo-sandra-blanco-286x300.jpg 286w, https:\/\/www.globalja.de\/wp-content\/uploads\/2025\/02\/contacta-conmigo-sandra-blanco-768x806.jpg 768w, https:\/\/www.globalja.de\/wp-content\/uploads\/2025\/02\/contacta-conmigo-sandra-blanco.jpg 1200w\" sizes=\"(max-width: 976px) 100vw, 976px\" \/>\t\t\t\t\t\t\t\t\t\t\t\t\t\t\t<\/div>\n\t\t\t\t<\/div>\n\t\t\t\t<\/div>\n\t\t<div class=\"elementor-element elementor-element-86e6aa0 e-con-full e-flex e-con e-child\" data-id=\"86e6aa0\" data-element_type=\"container\" data-settings=\"{&quot;background_background&quot;:&quot;classic&quot;}\">\n\t\t\t\t<div class=\"elementor-element elementor-element-c1df275 elementor-widget elementor-widget-heading\" data-id=\"c1df275\" data-element_type=\"widget\" data-widget_type=\"heading.default\">\n\t\t\t\t<div class=\"elementor-widget-container\">\n\t\t\t\t\t<h1 class=\"elementor-heading-title elementor-size-default\">Contacta conmigo<\/h1>\t\t\t\t<\/div>\n\t\t\t\t<\/div>\n\t\t\t\t<div class=\"elementor-element elementor-element-46679b1 elementor-widget elementor-widget-text-editor\" data-id=\"46679b1\" data-element_type=\"widget\" data-widget_type=\"text-editor.default\">\n\t\t\t\t<div class=\"elementor-widget-container\">\n\t\t\t\t\t\t\t\t\t<p>Env\u00edame un mensaje con tu direcci\u00f3n de correo o tu n\u00famero y me pondr\u00e9 en contacto contigo lo antes posible.<\/p>\t\t\t\t\t\t\t\t<\/div>\n\t\t\t\t<\/div>\n\t\t<div class=\"elementor-element elementor-element-db1b066 e-con-full e-flex e-con e-child\" data-id=\"db1b066\" data-element_type=\"container\" data-settings=\"{&quot;background_background&quot;:&quot;classic&quot;}\">\n\t\t\t\t<div class=\"elementor-element elementor-element-2ed6733 elementor-view-stacked elementor-position-left elementor-shape-circle elementor-mobile-position-top elementor-vertical-align-top elementor-widget elementor-widget-icon-box\" data-id=\"2ed6733\" data-element_type=\"widget\" data-widget_type=\"icon-box.default\">\n\t\t\t\t<div class=\"elementor-widget-container\">\n\t\t\t\t\t\t\t<div class=\"elementor-icon-box-wrapper\">\n\n\t\t\t\t\t\t<div class=\"elementor-icon-box-icon\">\n\t\t\t\t<span  class=\"elementor-icon\">\n\t\t\t\t<svg aria-hidden=\"true\" class=\"e-font-icon-svg e-fas-phone-alt\" viewBox=\"0 0 512 512\" xmlns=\"http:\/\/www.w3.org\/2000\/svg\"><path d=\"M497.39 361.8l-112-48a24 24 0 0 0-28 6.9l-49.6 60.6A370.66 370.66 0 0 1 130.6 204.11l60.6-49.6a23.94 23.94 0 0 0 6.9-28l-48-112A24.16 24.16 0 0 0 122.6.61l-104 24A24 24 0 0 0 0 48c0 256.5 207.9 464 464 464a24 24 0 0 0 23.4-18.6l24-104a24.29 24.29 0 0 0-14.01-27.6z\"><\/path><\/svg>\t\t\t\t<\/span>\n\t\t\t<\/div>\n\t\t\t\n\t\t\t\t\t\t<div class=\"elementor-icon-box-content\">\n\n\t\t\t\t\t\t\t\t\t<h3 class=\"elementor-icon-box-title\">\n\t\t\t\t\t\t<span  >\n\t\t\t\t\t\t\tTel\u00e9fono y m\u00f3vil\t\t\t\t\t\t<\/span>\n\t\t\t\t\t<\/h3>\n\t\t\t\t\n\t\t\t\t\t\t\t\t\t<p class=\"elementor-icon-box-description\">\n\t\t\t\t\t\t+49 (0)89-2354-1807<\/br><\/br><\/br><\/br><\/br><\/br><\/br><\/br><\/br><\/br><\/br><\/br><\/br><\/br><\/br><\/br><\/br><\/br><\/br><\/br><\/br><\/br><\/br><\/br><\/br><\/br>\n+49 (0)174-2413-282\t\t\t\t\t<\/p>\n\t\t\t\t\n\t\t\t<\/div>\n\t\t\t\n\t\t<\/div>\n\t\t\t\t\t\t<\/div>\n\t\t\t\t<\/div>\n\t\t\t\t<\/div>\n\t\t<div class=\"elementor-element elementor-element-5a8e814 e-con-full e-flex e-con e-child\" data-id=\"5a8e814\" data-element_type=\"container\" data-settings=\"{&quot;background_background&quot;:&quot;classic&quot;}\">\n\t\t\t\t<div class=\"elementor-element elementor-element-fd3ee19 elementor-view-stacked elementor-position-left elementor-shape-circle elementor-mobile-position-top elementor-vertical-align-top elementor-widget elementor-widget-icon-box\" data-id=\"fd3ee19\" data-element_type=\"widget\" data-widget_type=\"icon-box.default\">\n\t\t\t\t<div class=\"elementor-widget-container\">\n\t\t\t\t\t\t\t<div class=\"elementor-icon-box-wrapper\">\n\n\t\t\t\t\t\t<div class=\"elementor-icon-box-icon\">\n\t\t\t\t<span  class=\"elementor-icon\">\n\t\t\t\t<svg aria-hidden=\"true\" class=\"e-font-icon-svg e-far-envelope\" viewBox=\"0 0 512 512\" xmlns=\"http:\/\/www.w3.org\/2000\/svg\"><path d=\"M464 64H48C21.49 64 0 85.49 0 112v288c0 26.51 21.49 48 48 48h416c26.51 0 48-21.49 48-48V112c0-26.51-21.49-48-48-48zm0 48v40.805c-22.422 18.259-58.168 46.651-134.587 106.49-16.841 13.247-50.201 45.072-73.413 44.701-23.208.375-56.579-31.459-73.413-44.701C106.18 199.465 70.425 171.067 48 152.805V112h416zM48 400V214.398c22.914 18.251 55.409 43.862 104.938 82.646 21.857 17.205 60.134 55.186 103.062 54.955 42.717.231 80.509-37.199 103.053-54.947 49.528-38.783 82.032-64.401 104.947-82.653V400H48z\"><\/path><\/svg>\t\t\t\t<\/span>\n\t\t\t<\/div>\n\t\t\t\n\t\t\t\t\t\t<div class=\"elementor-icon-box-content\">\n\n\t\t\t\t\t\t\t\t\t<h3 class=\"elementor-icon-box-title\">\n\t\t\t\t\t\t<span  >\n\t\t\t\t\t\t\tE-mail\t\t\t\t\t\t<\/span>\n\t\t\t\t\t<\/h3>\n\t\t\t\t\n\t\t\t\t\t\t\t\t\t<p class=\"elementor-icon-box-description\">\n\t\t\t\t\t\t info@globalja.de\t\t\t\t\t<\/p>\n\t\t\t\t\n\t\t\t<\/div>\n\t\t\t\n\t\t<\/div>\n\t\t\t\t\t\t<\/div>\n\t\t\t\t<\/div>\n\t\t\t\t<\/div>\n\t\t\t\t<\/div>\n\t\t\t\t<\/div>\n\t\t\t\t\t<\/div>\n\t\t\t\t<\/div>\n\t\t<div class=\"elementor-element elementor-element-ecd930f e-flex e-con-boxed e-con e-parent\" data-id=\"ecd930f\" data-element_type=\"container\">\n\t\t\t\t\t<div class=\"e-con-inner\">\n\t\t\t\t<div class=\"elementor-element elementor-element-db403cb elementor-widget elementor-widget-heading\" data-id=\"db403cb\" data-element_type=\"widget\" data-widget_type=\"heading.default\">\n\t\t\t\t<div class=\"elementor-widget-container\">\n\t\t\t\t\t<h1 class=\"elementor-heading-title elementor-size-default\">Formulario de contacto<\/h1>\t\t\t\t<\/div>\n\t\t\t\t<\/div>\n\t\t\t\t<div class=\"elementor-element elementor-element-37cd8b7 elementor-widget elementor-widget-text-editor\" data-id=\"37cd8b7\" data-element_type=\"widget\" data-widget_type=\"text-editor.default\">\n\t\t\t\t<div class=\"elementor-widget-container\">\n\t\t\t\t\t\t\t\t\t\n<div class=\"wpcf7 no-js\" id=\"wpcf7-f21092-o1\" lang=\"de-DE\" dir=\"ltr\" data-wpcf7-id=\"21092\">\n<div class=\"screen-reader-response\"><p role=\"status\" aria-live=\"polite\" aria-atomic=\"true\"><\/p> <ul><\/ul><\/div>\n<form action=\"\/es\/wp-json\/wp\/v2\/pages\/20102#wpcf7-f21092-o1\" method=\"post\" class=\"wpcf7-form init wpcf7-acceptance-as-validation\" aria-label=\"Kontaktformular\" novalidate=\"novalidate\" data-status=\"init\">\n<div style=\"display: none;\">\n<input type=\"hidden\" name=\"_wpcf7\" value=\"21092\" \/>\n<input type=\"hidden\" name=\"_wpcf7_version\" value=\"6.0.6\" \/>\n<input type=\"hidden\" name=\"_wpcf7_locale\" value=\"de_DE\" \/>\n<input type=\"hidden\" name=\"_wpcf7_unit_tag\" value=\"wpcf7-f21092-o1\" \/>\n<input type=\"hidden\" name=\"_wpcf7_container_post\" value=\"0\" \/>\n<input type=\"hidden\" name=\"_wpcf7_posted_data_hash\" value=\"\" \/>\n<input type=\"hidden\" name=\"_wpcf7_recaptcha_response\" value=\"\" \/>\n<\/div>\n<p><span class=\"wpcf7-form-control-wrap\" data-name=\"nombre\"><input size=\"40\" maxlength=\"400\" class=\"wpcf7-form-control wpcf7-text wpcf7-validates-as-required\" aria-required=\"true\" aria-invalid=\"false\" placeholder=\"Nombre\" value=\"\" type=\"text\" name=\"nombre\" \/><\/span>\n<\/p>\n<p><span class=\"wpcf7-form-control-wrap\" data-name=\"firmenname\"><input size=\"40\" maxlength=\"400\" class=\"wpcf7-form-control wpcf7-text wpcf7-validates-as-required\" aria-required=\"true\" aria-invalid=\"false\" placeholder=\"Empresa\" value=\"\" type=\"text\" name=\"firmenname\" \/><\/span>\n<\/p>\n<p><span class=\"wpcf7-form-control-wrap\" data-name=\"email\"><input size=\"40\" maxlength=\"400\" class=\"wpcf7-form-control wpcf7-email wpcf7-validates-as-required wpcf7-text wpcf7-validates-as-email\" aria-required=\"true\" aria-invalid=\"false\" placeholder=\"Correo electr\u00f3nico\" value=\"\" type=\"email\" name=\"email\" \/><\/span>\n<\/p>\n<p><span class=\"wpcf7-form-control-wrap\" data-name=\"telefon\"><input size=\"40\" maxlength=\"400\" class=\"wpcf7-form-control wpcf7-text wpcf7-validates-as-required\" aria-required=\"true\" aria-invalid=\"false\" placeholder=\"Tel\u00e9fono\" value=\"\" type=\"text\" name=\"telefon\" \/><\/span>\n<\/p>\n<p><span class=\"wpcf7-form-control-wrap\" data-name=\"betreff\"><input size=\"40\" maxlength=\"400\" class=\"wpcf7-form-control wpcf7-text\" aria-invalid=\"false\" placeholder=\"Asunto\" value=\"\" type=\"text\" name=\"betreff\" \/><\/span>\n<\/p>\n<p><span class=\"wpcf7-form-control-wrap\" data-name=\"message\"><textarea cols=\"40\" rows=\"10\" maxlength=\"2000\" class=\"wpcf7-form-control wpcf7-textarea wpcf7-validates-as-required\" aria-required=\"true\" aria-invalid=\"false\" placeholder=\"\u00bfQu\u00e9 te gustar\u00eda preguntarme?\" name=\"message\"><\/textarea><\/span>\n<\/p>\n<p><span class=\"wpcf7-form-control-wrap\" data-name=\"politica\"><span class=\"wpcf7-form-control wpcf7-acceptance\"><span class=\"wpcf7-list-item\"><input type=\"checkbox\" name=\"politica\" value=\"1\" aria-invalid=\"false\" \/><\/span><\/span><\/span> He le\u00eddo y acepto la <a href=\"https:\/\/www.globalja.de\/es\/politica-privacidad\/\" target=\"_blank\">pol\u00edtica de privacidad<\/a>.\n<\/p>\n<p><input class=\"wpcf7-form-control wpcf7-submit has-spinner btn btn-default-alt size-default\" type=\"submit\" value=\"Enviar\" \/>\n<\/p><div class=\"wpcf7-response-output\" aria-hidden=\"true\"><\/div>\n<\/form>\n<\/div>\n\t\t\t\t\t\t\t\t<\/div>\n\t\t\t\t<\/div>\n\t\t\t\t\t<\/div>\n\t\t\t\t<\/div>\n\t\t\t\t<\/div>\n\t\t","protected":false},"excerpt":{"rendered":"<p>Ponte en contacto conmigo y hablemos de tu proyecto Contacta conmigo Env\u00edame un mensaje con tu direcci\u00f3n de correo o tu n\u00famero y me pondr\u00e9 en contacto contigo lo antes posible. Tel\u00e9fono y m\u00f3vil +49 (0)89-2354-1807 +49 (0)174-2413-282 E-mail info@globalja.de Formulario de contacto<\/p>\n","protected":false},"author":1,"featured_media":0,"parent":0,"menu_order":0,"comment_status":"closed","ping_status":"closed","template":"","meta":{"footnotes":""},"class_list":["post-20102","page","type-page","status-publish"],"yoast_head":"<!-- This site is optimized with the Yoast SEO plugin v25.2 - https:\/\/yoast.com\/wordpress\/plugins\/seo\/ -->\n<title>Contacta con Sandra Blanco - Globalja<\/title>\n<meta name=\"description\" content=\"\u00bfNecesitas traducir alg\u00fan texto de ingl\u00e9s o alem\u00e1n a espa\u00f1ol o una ling\u00fcista para tus proyectos de procesamiento del lenguaje natural o IA?\" \/>\n<meta name=\"robots\" content=\"index, follow, max-snippet:-1, max-image-preview:large, max-video-preview:-1\" \/>\n<link rel=\"canonical\" href=\"https:\/\/www.globalja.de\/es\/contactar\/\" \/>\n<meta property=\"og:locale\" content=\"es_ES\" \/>\n<meta property=\"og:type\" content=\"article\" \/>\n<meta property=\"og:title\" content=\"Contacta con Sandra Blanco - Globalja\" \/>\n<meta property=\"og:description\" content=\"\u00bfNecesitas traducir alg\u00fan texto de ingl\u00e9s o alem\u00e1n a espa\u00f1ol o una ling\u00fcista para tus proyectos de procesamiento del lenguaje natural o IA?\" \/>\n<meta property=\"og:url\" content=\"https:\/\/www.globalja.de\/es\/contactar\/\" \/>\n<meta property=\"og:site_name\" content=\"Globalja\" \/>\n<meta property=\"article:modified_time\" content=\"2025-05-21T13:28:19+00:00\" \/>\n<meta property=\"og:image\" content=\"https:\/\/globalja.de\/newweb\/wp-content\/uploads\/2025\/02\/contacta-conmigo-sandra-blanco-976x1024.jpg\" \/>\n<meta name=\"twitter:card\" content=\"summary_large_image\" \/>\n<meta name=\"twitter:label1\" content=\"Tiempo de lectura\" \/>\n\t<meta name=\"twitter:data1\" content=\"1 minuto\" \/>\n<script type=\"application\/ld+json\" class=\"yoast-schema-graph\">{\"@context\":\"https:\/\/schema.org\",\"@graph\":[{\"@type\":\"WebPage\",\"@id\":\"https:\/\/www.globalja.de\/es\/contactar\/\",\"url\":\"https:\/\/www.globalja.de\/es\/contactar\/\",\"name\":\"Contacta con Sandra Blanco - Globalja\",\"isPartOf\":{\"@id\":\"https:\/\/www.globalja.de\/#website\"},\"primaryImageOfPage\":{\"@id\":\"https:\/\/www.globalja.de\/es\/contactar\/#primaryimage\"},\"image\":{\"@id\":\"https:\/\/www.globalja.de\/es\/contactar\/#primaryimage\"},\"thumbnailUrl\":\"https:\/\/globalja.de\/newweb\/wp-content\/uploads\/2025\/02\/contacta-conmigo-sandra-blanco-976x1024.jpg\",\"datePublished\":\"2025-02-11T07:24:07+00:00\",\"dateModified\":\"2025-05-21T13:28:19+00:00\",\"description\":\"\u00bfNecesitas traducir alg\u00fan texto de ingl\u00e9s o alem\u00e1n a espa\u00f1ol o una ling\u00fcista para tus proyectos de procesamiento del lenguaje natural o IA?\",\"breadcrumb\":{\"@id\":\"https:\/\/www.globalja.de\/es\/contactar\/#breadcrumb\"},\"inLanguage\":\"es\",\"potentialAction\":[{\"@type\":\"ReadAction\",\"target\":[\"https:\/\/www.globalja.de\/es\/contactar\/\"]}]},{\"@type\":\"ImageObject\",\"inLanguage\":\"es\",\"@id\":\"https:\/\/www.globalja.de\/es\/contactar\/#primaryimage\",\"url\":\"https:\/\/globalja.de\/newweb\/wp-content\/uploads\/2025\/02\/contacta-conmigo-sandra-blanco-976x1024.jpg\",\"contentUrl\":\"https:\/\/globalja.de\/newweb\/wp-content\/uploads\/2025\/02\/contacta-conmigo-sandra-blanco-976x1024.jpg\"},{\"@type\":\"BreadcrumbList\",\"@id\":\"https:\/\/www.globalja.de\/es\/contactar\/#breadcrumb\",\"itemListElement\":[{\"@type\":\"ListItem\",\"position\":1,\"name\":\"Startseite\",\"item\":\"https:\/\/www.globalja.de\/es\/\"},{\"@type\":\"ListItem\",\"position\":2,\"name\":\"Formulario de contacto \u2013 Globalja\"}]},{\"@type\":\"WebSite\",\"@id\":\"https:\/\/www.globalja.de\/#website\",\"url\":\"https:\/\/www.globalja.de\/\",\"name\":\"Globalja\",\"description\":\"\",\"publisher\":{\"@id\":\"https:\/\/www.globalja.de\/#organization\"},\"potentialAction\":[{\"@type\":\"SearchAction\",\"target\":{\"@type\":\"EntryPoint\",\"urlTemplate\":\"https:\/\/www.globalja.de\/?s={search_term_string}\"},\"query-input\":{\"@type\":\"PropertyValueSpecification\",\"valueRequired\":true,\"valueName\":\"search_term_string\"}}],\"inLanguage\":\"es\"},{\"@type\":\"Organization\",\"@id\":\"https:\/\/www.globalja.de\/#organization\",\"name\":\"Globalja\",\"url\":\"https:\/\/www.globalja.de\/\",\"logo\":{\"@type\":\"ImageObject\",\"inLanguage\":\"es\",\"@id\":\"https:\/\/www.globalja.de\/#\/schema\/logo\/image\/\",\"url\":\"https:\/\/www.globalja.de\/wp-content\/uploads\/2024\/12\/cropped-logo-globalja.png\",\"contentUrl\":\"https:\/\/www.globalja.de\/wp-content\/uploads\/2024\/12\/cropped-logo-globalja.png\",\"width\":220,\"height\":58,\"caption\":\"Globalja\"},\"image\":{\"@id\":\"https:\/\/www.globalja.de\/#\/schema\/logo\/image\/\"}}]}<\/script>\n<!-- \/ Yoast SEO plugin. -->","yoast_head_json":{"title":"Contacta con Sandra Blanco - Globalja","description":"\u00bfNecesitas traducir alg\u00fan texto de ingl\u00e9s o alem\u00e1n a espa\u00f1ol o una ling\u00fcista para tus proyectos de procesamiento del lenguaje natural o IA?","robots":{"index":"index","follow":"follow","max-snippet":"max-snippet:-1","max-image-preview":"max-image-preview:large","max-video-preview":"max-video-preview:-1"},"canonical":"https:\/\/www.globalja.de\/es\/contactar\/","og_locale":"es_ES","og_type":"article","og_title":"Contacta con Sandra Blanco - Globalja","og_description":"\u00bfNecesitas traducir alg\u00fan texto de ingl\u00e9s o alem\u00e1n a espa\u00f1ol o una ling\u00fcista para tus proyectos de procesamiento del lenguaje natural o IA?","og_url":"https:\/\/www.globalja.de\/es\/contactar\/","og_site_name":"Globalja","article_modified_time":"2025-05-21T13:28:19+00:00","og_image":[{"url":"https:\/\/globalja.de\/newweb\/wp-content\/uploads\/2025\/02\/contacta-conmigo-sandra-blanco-976x1024.jpg","type":"","width":"","height":""}],"twitter_card":"summary_large_image","twitter_misc":{"Tiempo de lectura":"1 minuto"},"schema":{"@context":"https:\/\/schema.org","@graph":[{"@type":"WebPage","@id":"https:\/\/www.globalja.de\/es\/contactar\/","url":"https:\/\/www.globalja.de\/es\/contactar\/","name":"Contacta con Sandra Blanco - Globalja","isPartOf":{"@id":"https:\/\/www.globalja.de\/#website"},"primaryImageOfPage":{"@id":"https:\/\/www.globalja.de\/es\/contactar\/#primaryimage"},"image":{"@id":"https:\/\/www.globalja.de\/es\/contactar\/#primaryimage"},"thumbnailUrl":"https:\/\/globalja.de\/newweb\/wp-content\/uploads\/2025\/02\/contacta-conmigo-sandra-blanco-976x1024.jpg","datePublished":"2025-02-11T07:24:07+00:00","dateModified":"2025-05-21T13:28:19+00:00","description":"\u00bfNecesitas traducir alg\u00fan texto de ingl\u00e9s o alem\u00e1n a espa\u00f1ol o una ling\u00fcista para tus proyectos de procesamiento del lenguaje natural o IA?","breadcrumb":{"@id":"https:\/\/www.globalja.de\/es\/contactar\/#breadcrumb"},"inLanguage":"es","potentialAction":[{"@type":"ReadAction","target":["https:\/\/www.globalja.de\/es\/contactar\/"]}]},{"@type":"ImageObject","inLanguage":"es","@id":"https:\/\/www.globalja.de\/es\/contactar\/#primaryimage","url":"https:\/\/globalja.de\/newweb\/wp-content\/uploads\/2025\/02\/contacta-conmigo-sandra-blanco-976x1024.jpg","contentUrl":"https:\/\/globalja.de\/newweb\/wp-content\/uploads\/2025\/02\/contacta-conmigo-sandra-blanco-976x1024.jpg"},{"@type":"BreadcrumbList","@id":"https:\/\/www.globalja.de\/es\/contactar\/#breadcrumb","itemListElement":[{"@type":"ListItem","position":1,"name":"Startseite","item":"https:\/\/www.globalja.de\/es\/"},{"@type":"ListItem","position":2,"name":"Formulario de contacto \u2013 Globalja"}]},{"@type":"WebSite","@id":"https:\/\/www.globalja.de\/#website","url":"https:\/\/www.globalja.de\/","name":"Globalja","description":"","publisher":{"@id":"https:\/\/www.globalja.de\/#organization"},"potentialAction":[{"@type":"SearchAction","target":{"@type":"EntryPoint","urlTemplate":"https:\/\/www.globalja.de\/?s={search_term_string}"},"query-input":{"@type":"PropertyValueSpecification","valueRequired":true,"valueName":"search_term_string"}}],"inLanguage":"es"},{"@type":"Organization","@id":"https:\/\/www.globalja.de\/#organization","name":"Globalja","url":"https:\/\/www.globalja.de\/","logo":{"@type":"ImageObject","inLanguage":"es","@id":"https:\/\/www.globalja.de\/#\/schema\/logo\/image\/","url":"https:\/\/www.globalja.de\/wp-content\/uploads\/2024\/12\/cropped-logo-globalja.png","contentUrl":"https:\/\/www.globalja.de\/wp-content\/uploads\/2024\/12\/cropped-logo-globalja.png","width":220,"height":58,"caption":"Globalja"},"image":{"@id":"https:\/\/www.globalja.de\/#\/schema\/logo\/image\/"}}]}},"_links":{"self":[{"href":"https:\/\/www.globalja.de\/es\/wp-json\/wp\/v2\/pages\/20102","targetHints":{"allow":["GET"]}}],"collection":[{"href":"https:\/\/www.globalja.de\/es\/wp-json\/wp\/v2\/pages"}],"about":[{"href":"https:\/\/www.globalja.de\/es\/wp-json\/wp\/v2\/types\/page"}],"author":[{"embeddable":true,"href":"https:\/\/www.globalja.de\/es\/wp-json\/wp\/v2\/users\/1"}],"replies":[{"embeddable":true,"href":"https:\/\/www.globalja.de\/es\/wp-json\/wp\/v2\/comments?post=20102"}],"version-history":[{"count":49,"href":"https:\/\/www.globalja.de\/es\/wp-json\/wp\/v2\/pages\/20102\/revisions"}],"predecessor-version":[{"id":21859,"href":"https:\/\/www.globalja.de\/es\/wp-json\/wp\/v2\/pages\/20102\/revisions\/21859"}],"wp:attachment":[{"href":"https:\/\/www.globalja.de\/es\/wp-json\/wp\/v2\/media?parent=20102"}],"curies":[{"name":"wp","href":"https:\/\/api.w.org\/{rel}","templated":true}]}}