{"id":20076,"date":"2024-12-12T23:37:34","date_gmt":"2024-12-12T22:37:34","guid":{"rendered":"https:\/\/globalja.de\/newweb\/?page_id=20076"},"modified":"2025-06-05T09:46:31","modified_gmt":"2025-06-05T07:46:31","slug":"correccion","status":"publish","type":"page","link":"https:\/\/www.globalja.de\/es\/correccion\/","title":{"rendered":"Correcci\u00f3n"},"content":{"rendered":"\t\t<div data-elementor-type=\"wp-page\" data-elementor-id=\"20076\" class=\"elementor elementor-20076\">\n\t\t\t\t<div class=\"elementor-element elementor-element-39f070e e-flex e-con-boxed e-con e-parent\" data-id=\"39f070e\" data-element_type=\"container\" data-settings=\"{&quot;background_background&quot;:&quot;classic&quot;}\">\n\t\t\t\t\t<div class=\"e-con-inner\">\n\t\t\t\t<div class=\"elementor-element elementor-element-79e3b06 elementor-widget elementor-widget-heading\" data-id=\"79e3b06\" data-element_type=\"widget\" data-widget_type=\"heading.default\">\n\t\t\t\t<div class=\"elementor-widget-container\">\n\t\t\t\t\t<h1 class=\"elementor-heading-title elementor-size-default\">Correcci\u00f3n y revisi\u00f3n de textos en espa\u00f1ol<\/h1>\t\t\t\t<\/div>\n\t\t\t\t<\/div>\n\t\t\t\t\t<\/div>\n\t\t\t\t<\/div>\n\t\t<div class=\"elementor-element elementor-element-0acc1d1 e-flex e-con-boxed e-con e-parent\" data-id=\"0acc1d1\" data-element_type=\"container\">\n\t\t\t\t\t<div class=\"e-con-inner\">\n\t\t<div class=\"elementor-element elementor-element-9a9066a e-con-full e-flex e-con e-child\" data-id=\"9a9066a\" data-element_type=\"container\">\n\t\t\t\t<div class=\"elementor-element elementor-element-571dd1ce elementor-widget__width-initial elementor-widget elementor-widget-image\" data-id=\"571dd1ce\" data-element_type=\"widget\" data-widget_type=\"image.default\">\n\t\t\t\t<div class=\"elementor-widget-container\">\n\t\t\t\t\t\t\t\t\t\t\t\t\t\t\t\t<a href=\"https:\/\/www.globalja.de\/es\/contactar\/\">\n\t\t\t\t\t\t\t<img fetchpriority=\"high\" decoding=\"async\" width=\"1024\" height=\"759\" src=\"https:\/\/www.globalja.de\/wp-content\/uploads\/2025\/03\/correccion-profesional-para-textos-de-calidad-1024x759.jpg\" class=\"attachment-large size-large wp-image-20479\" alt=\"Correcci\u00f3n profesional para textos de calidad en M\u00fanich\" srcset=\"https:\/\/www.globalja.de\/wp-content\/uploads\/2025\/03\/correccion-profesional-para-textos-de-calidad-1024x759.jpg 1024w, https:\/\/www.globalja.de\/wp-content\/uploads\/2025\/03\/correccion-profesional-para-textos-de-calidad-300x222.jpg 300w, https:\/\/www.globalja.de\/wp-content\/uploads\/2025\/03\/correccion-profesional-para-textos-de-calidad-768x569.jpg 768w, https:\/\/www.globalja.de\/wp-content\/uploads\/2025\/03\/correccion-profesional-para-textos-de-calidad.jpg 1080w\" sizes=\"(max-width: 1024px) 100vw, 1024px\" \/>\t\t\t\t\t\t\t\t<\/a>\n\t\t\t\t\t\t\t\t\t\t\t\t\t\t\t<\/div>\n\t\t\t\t<\/div>\n\t\t\t\t<\/div>\n\t\t<div class=\"elementor-element elementor-element-16c66f3 e-con-full e-flex e-con e-child\" data-id=\"16c66f3\" data-element_type=\"container\" data-settings=\"{&quot;background_background&quot;:&quot;classic&quot;}\">\n\t\t\t\t<div class=\"elementor-element elementor-element-5fa4cca7 elementor-widget elementor-widget-heading\" data-id=\"5fa4cca7\" data-element_type=\"widget\" data-widget_type=\"heading.default\">\n\t\t\t\t<div class=\"elementor-widget-container\">\n\t\t\t\t\t<h2 class=\"elementor-heading-title elementor-size-default\">Correcci\u00f3n y revisi\u00f3n<\/h2>\t\t\t\t<\/div>\n\t\t\t\t<\/div>\n\t\t\t\t<div class=\"elementor-element elementor-element-86b6453 elementor-widget elementor-widget-text-editor\" data-id=\"86b6453\" data-element_type=\"widget\" data-widget_type=\"text-editor.default\">\n\t\t\t\t<div class=\"elementor-widget-container\">\n\t\t\t\t\t\t\t\t\t<p>\u00bfSab\u00edas que una mala traducci\u00f3n pierde todo su valor? Los servicios de revisi\u00f3n y control de calidad ling\u00fc\u00edstica son esenciales para trasmitir una imagen profesional.<\/p>\t\t\t\t\t\t\t\t<\/div>\n\t\t\t\t<\/div>\n\t\t\t\t<div class=\"elementor-element elementor-element-5bf8b882 elementor-widget elementor-widget-button\" data-id=\"5bf8b882\" data-element_type=\"widget\" data-widget_type=\"button.default\">\n\t\t\t\t<div class=\"elementor-widget-container\">\n\t\t\t\t\t\t\t\t\t<div class=\"elementor-button-wrapper\">\n\t\t\t\t\t<a class=\"elementor-button elementor-button-link elementor-size-sm\" href=\"https:\/\/www.globalja.de\/es\/contactar\/\">\n\t\t\t\t\t\t<span class=\"elementor-button-content-wrapper\">\n\t\t\t\t\t\t<span class=\"elementor-button-icon\">\n\t\t\t\t<svg aria-hidden=\"true\" class=\"e-font-icon-svg e-fas-angle-double-right\" viewBox=\"0 0 448 512\" xmlns=\"http:\/\/www.w3.org\/2000\/svg\"><path d=\"M224.3 273l-136 136c-9.4 9.4-24.6 9.4-33.9 0l-22.6-22.6c-9.4-9.4-9.4-24.6 0-33.9l96.4-96.4-96.4-96.4c-9.4-9.4-9.4-24.6 0-33.9L54.3 103c9.4-9.4 24.6-9.4 33.9 0l136 136c9.5 9.4 9.5 24.6.1 34zm192-34l-136-136c-9.4-9.4-24.6-9.4-33.9 0l-22.6 22.6c-9.4 9.4-9.4 24.6 0 33.9l96.4 96.4-96.4 96.4c-9.4 9.4-9.4 24.6 0 33.9l22.6 22.6c9.4 9.4 24.6 9.4 33.9 0l136-136c9.4-9.2 9.4-24.4 0-33.8z\"><\/path><\/svg>\t\t\t<\/span>\n\t\t\t\t\t\t\t\t\t<span class=\"elementor-button-text\">Cu\u00e9ntame qu\u00e9 necesitas<\/span>\n\t\t\t\t\t<\/span>\n\t\t\t\t\t<\/a>\n\t\t\t\t<\/div>\n\t\t\t\t\t\t\t\t<\/div>\n\t\t\t\t<\/div>\n\t\t\t\t<\/div>\n\t\t\t\t\t<\/div>\n\t\t\t\t<\/div>\n\t\t<div class=\"elementor-element elementor-element-636d06fb e-flex e-con-boxed e-con e-parent\" data-id=\"636d06fb\" data-element_type=\"container\">\n\t\t\t\t\t<div class=\"e-con-inner\">\n\t\t\t\t<div class=\"elementor-element elementor-element-970a887 elementor-widget elementor-widget-heading\" data-id=\"970a887\" data-element_type=\"widget\" data-widget_type=\"heading.default\">\n\t\t\t\t<div class=\"elementor-widget-container\">\n\t\t\t\t\t<h2 class=\"elementor-heading-title elementor-size-default\">Esto es lo que te ofrezco:\n<\/h2>\t\t\t\t<\/div>\n\t\t\t\t<\/div>\n\t\t\t\t<div class=\"elementor-element elementor-element-26df2662 elementor-widget elementor-widget-text-editor\" data-id=\"26df2662\" data-element_type=\"widget\" data-widget_type=\"text-editor.default\">\n\t\t\t\t<div class=\"elementor-widget-container\">\n\t\t\t\t\t\t\t\t\t<p><b>Revisi\u00f3n<\/b> de traducciones o <b>correcci\u00f3n<\/b> de textos originales en espa\u00f1ol.<\/p>\t\t\t\t\t\t\t\t<\/div>\n\t\t\t\t<\/div>\n\t\t\t\t\t<\/div>\n\t\t\t\t<\/div>\n\t\t<div class=\"elementor-element elementor-element-5e3250f e-flex e-con-boxed e-con e-parent\" data-id=\"5e3250f\" data-element_type=\"container\">\n\t\t\t\t\t<div class=\"e-con-inner\">\n\t\t<div class=\"elementor-element elementor-element-852e92d e-con-full e-flex e-con e-child\" data-id=\"852e92d\" data-element_type=\"container\" data-settings=\"{&quot;background_background&quot;:&quot;classic&quot;}\">\n\t\t\t\t<div class=\"elementor-element elementor-element-b0d838a elementor-view-stacked elementor-position-left elementor-shape-circle elementor-mobile-position-top elementor-vertical-align-top elementor-widget elementor-widget-icon-box\" data-id=\"b0d838a\" data-element_type=\"widget\" data-widget_type=\"icon-box.default\">\n\t\t\t\t<div class=\"elementor-widget-container\">\n\t\t\t\t\t\t\t<div class=\"elementor-icon-box-wrapper\">\n\n\t\t\t\t\t\t<div class=\"elementor-icon-box-icon\">\n\t\t\t\t<span  class=\"elementor-icon\">\n\t\t\t\t<svg aria-hidden=\"true\" class=\"e-font-icon-svg e-far-eye\" viewBox=\"0 0 576 512\" xmlns=\"http:\/\/www.w3.org\/2000\/svg\"><path d=\"M288 144a110.94 110.94 0 0 0-31.24 5 55.4 55.4 0 0 1 7.24 27 56 56 0 0 1-56 56 55.4 55.4 0 0 1-27-7.24A111.71 111.71 0 1 0 288 144zm284.52 97.4C518.29 135.59 410.93 64 288 64S57.68 135.64 3.48 241.41a32.35 32.35 0 0 0 0 29.19C57.71 376.41 165.07 448 288 448s230.32-71.64 284.52-177.41a32.35 32.35 0 0 0 0-29.19zM288 400c-98.65 0-189.09-55-237.93-144C98.91 167 189.34 112 288 112s189.09 55 237.93 144C477.1 345 386.66 400 288 400z\"><\/path><\/svg>\t\t\t\t<\/span>\n\t\t\t<\/div>\n\t\t\t\n\t\t\t\t\t\t<div class=\"elementor-icon-box-content\">\n\n\t\t\t\t\t\t\t\t\t<h3 class=\"elementor-icon-box-title\">\n\t\t\t\t\t\t<span  >\n\t\t\t\t\t\t\tRevisi\u00f3n\t\t\t\t\t\t<\/span>\n\t\t\t\t\t<\/h3>\n\t\t\t\t\n\t\t\t\t\t\t\t\t\t<p class=\"elementor-icon-box-description\">\n\t\t\t\t\t\tCompruebo que la traducci\u00f3n sea fiel al original y est\u00e9 adaptada al p\u00fablico objetivo.\t\t\t\t\t<\/p>\n\t\t\t\t\n\t\t\t<\/div>\n\t\t\t\n\t\t<\/div>\n\t\t\t\t\t\t<\/div>\n\t\t\t\t<\/div>\n\t\t\t\t<\/div>\n\t\t<div class=\"elementor-element elementor-element-9f05529 e-con-full e-flex e-con e-child\" data-id=\"9f05529\" data-element_type=\"container\" data-settings=\"{&quot;background_background&quot;:&quot;classic&quot;}\">\n\t\t\t\t<div class=\"elementor-element elementor-element-5ae8473 elementor-view-stacked elementor-position-left elementor-shape-circle elementor-mobile-position-top elementor-vertical-align-top elementor-widget elementor-widget-icon-box\" data-id=\"5ae8473\" data-element_type=\"widget\" data-widget_type=\"icon-box.default\">\n\t\t\t\t<div class=\"elementor-widget-container\">\n\t\t\t\t\t\t\t<div class=\"elementor-icon-box-wrapper\">\n\n\t\t\t\t\t\t<div class=\"elementor-icon-box-icon\">\n\t\t\t\t<span  class=\"elementor-icon\">\n\t\t\t\t<svg aria-hidden=\"true\" class=\"e-font-icon-svg e-fas-edit\" viewBox=\"0 0 576 512\" xmlns=\"http:\/\/www.w3.org\/2000\/svg\"><path d=\"M402.6 83.2l90.2 90.2c3.8 3.8 3.8 10 0 13.8L274.4 405.6l-92.8 10.3c-12.4 1.4-22.9-9.1-21.5-21.5l10.3-92.8L388.8 83.2c3.8-3.8 10-3.8 13.8 0zm162-22.9l-48.8-48.8c-15.2-15.2-39.9-15.2-55.2 0l-35.4 35.4c-3.8 3.8-3.8 10 0 13.8l90.2 90.2c3.8 3.8 10 3.8 13.8 0l35.4-35.4c15.2-15.3 15.2-40 0-55.2zM384 346.2V448H64V128h229.8c3.2 0 6.2-1.3 8.5-3.5l40-40c7.6-7.6 2.2-20.5-8.5-20.5H48C21.5 64 0 85.5 0 112v352c0 26.5 21.5 48 48 48h352c26.5 0 48-21.5 48-48V306.2c0-10.7-12.9-16-20.5-8.5l-40 40c-2.2 2.3-3.5 5.3-3.5 8.5z\"><\/path><\/svg>\t\t\t\t<\/span>\n\t\t\t<\/div>\n\t\t\t\n\t\t\t\t\t\t<div class=\"elementor-icon-box-content\">\n\n\t\t\t\t\t\t\t\t\t<h3 class=\"elementor-icon-box-title\">\n\t\t\t\t\t\t<span  >\n\t\t\t\t\t\t\tCorrecci\u00f3n\t\t\t\t\t\t<\/span>\n\t\t\t\t\t<\/h3>\n\t\t\t\t\n\t\t\t\t\t\t\t\t\t<p class=\"elementor-icon-box-description\">\n\t\t\t\t\t\tCorrijo a fondo los errores y todo lo que hace que tu texto no se lea bien.\t\t\t\t\t<\/p>\n\t\t\t\t\n\t\t\t<\/div>\n\t\t\t\n\t\t<\/div>\n\t\t\t\t\t\t<\/div>\n\t\t\t\t<\/div>\n\t\t\t\t<\/div>\n\t\t<div class=\"elementor-element elementor-element-845b8fd e-con-full e-flex e-con e-child\" data-id=\"845b8fd\" data-element_type=\"container\" data-settings=\"{&quot;background_background&quot;:&quot;classic&quot;}\">\n\t\t\t\t<div class=\"elementor-element elementor-element-8e9cfc9 elementor-view-stacked elementor-position-left elementor-shape-circle elementor-mobile-position-top elementor-vertical-align-top elementor-widget elementor-widget-icon-box\" data-id=\"8e9cfc9\" data-element_type=\"widget\" data-widget_type=\"icon-box.default\">\n\t\t\t\t<div class=\"elementor-widget-container\">\n\t\t\t\t\t\t\t<div class=\"elementor-icon-box-wrapper\">\n\n\t\t\t\t\t\t<div class=\"elementor-icon-box-icon\">\n\t\t\t\t<span  class=\"elementor-icon\">\n\t\t\t\t<svg aria-hidden=\"true\" class=\"e-font-icon-svg e-fas-paint-brush\" viewBox=\"0 0 512 512\" xmlns=\"http:\/\/www.w3.org\/2000\/svg\"><path d=\"M167.02 309.34c-40.12 2.58-76.53 17.86-97.19 72.3-2.35 6.21-8 9.98-14.59 9.98-11.11 0-45.46-27.67-55.25-34.35C0 439.62 37.93 512 128 512c75.86 0 128-43.77 128-120.19 0-3.11-.65-6.08-.97-9.13l-88.01-73.34zM457.89 0c-15.16 0-29.37 6.71-40.21 16.45C213.27 199.05 192 203.34 192 257.09c0 13.7 3.25 26.76 8.73 38.7l63.82 53.18c7.21 1.8 14.64 3.03 22.39 3.03 62.11 0 98.11-45.47 211.16-256.46 7.38-14.35 13.9-29.85 13.9-45.99C512 20.64 486 0 457.89 0z\"><\/path><\/svg>\t\t\t\t<\/span>\n\t\t\t<\/div>\n\t\t\t\n\t\t\t\t\t\t<div class=\"elementor-icon-box-content\">\n\n\t\t\t\t\t\t\t\t\t<h3 class=\"elementor-icon-box-title\">\n\t\t\t\t\t\t<span  >\n\t\t\t\t\t\t\tCorrecci\u00f3n estilo\t\t\t\t\t\t<\/span>\n\t\t\t\t\t<\/h3>\n\t\t\t\t\n\t\t\t\t\t\t\t\t\t<p class=\"elementor-icon-box-description\">\n\t\t\t\t\t\tReviso el estilo sin alterar el tono de voz del texto original.\t\t\t\t\t<\/p>\n\t\t\t\t\n\t\t\t<\/div>\n\t\t\t\n\t\t<\/div>\n\t\t\t\t\t\t<\/div>\n\t\t\t\t<\/div>\n\t\t\t\t<\/div>\n\t\t\t\t\t<\/div>\n\t\t\t\t<\/div>\n\t\t<div class=\"elementor-element elementor-element-5911c39e e-flex e-con-boxed e-con e-parent\" data-id=\"5911c39e\" data-element_type=\"container\" data-settings=\"{&quot;background_background&quot;:&quot;classic&quot;}\">\n\t\t\t\t\t<div class=\"e-con-inner\">\n\t\t<div class=\"elementor-element elementor-element-2a6cb156 e-con-full e-flex e-con e-child\" data-id=\"2a6cb156\" data-element_type=\"container\" data-settings=\"{&quot;background_background&quot;:&quot;classic&quot;}\">\n\t\t\t\t<div class=\"elementor-element elementor-element-232609c1 elementor-widget elementor-widget-heading\" data-id=\"232609c1\" data-element_type=\"widget\" data-widget_type=\"heading.default\">\n\t\t\t\t<div class=\"elementor-widget-container\">\n\t\t\t\t\t<h2 class=\"elementor-heading-title elementor-size-default\">Cada palabra cuenta, y cada error tambi\u00e9n<\/h2>\t\t\t\t<\/div>\n\t\t\t\t<\/div>\n\t\t\t\t<div class=\"elementor-element elementor-element-73a015b7 elementor-widget elementor-widget-text-editor\" data-id=\"73a015b7\" data-element_type=\"widget\" data-widget_type=\"text-editor.default\">\n\t\t\t\t<div class=\"elementor-widget-container\">\n\t\t\t\t\t\t\t\t\t<p>Las palabras importan. Un texto con errores puede arruinar tu mensaje, restarte credibilidad y hacerte perder buenas oportunidades de negocio. Si tu texto tiene faltas de ortograf\u00eda, frases confusas o un tono inadecuado, corres el riesgo de que tu p\u00fablico pierda el inter\u00e9s en lo que tienes que decirle.<\/p>\n<p>Mi misi\u00f3n consiste en mejorar tu texto y que no pase desapercibido. \u00bfSientes que tu traducci\u00f3n es demasiado literal o has notado frases raras en tus textos? Si tienes dudas con alg\u00fan texto en espa\u00f1ol, traducido u original, ponte en contacto conmigo.&nbsp;&nbsp;<\/p>\t\t\t\t\t\t\t\t<\/div>\n\t\t\t\t<\/div>\n\t\t\t\t<\/div>\n\t\t\t\t\t<\/div>\n\t\t\t\t<\/div>\n\t\t\t\t<\/div>\n\t\t","protected":false},"excerpt":{"rendered":"<p>Correcci\u00f3n y revisi\u00f3n de textos en espa\u00f1ol Correcci\u00f3n y revisi\u00f3n \u00bfSab\u00edas que una mala traducci\u00f3n pierde todo su valor? Los servicios de revisi\u00f3n y control de calidad ling\u00fc\u00edstica son esenciales para trasmitir una imagen profesional. Cu\u00e9ntame qu\u00e9 necesitas Esto es lo que te ofrezco: Revisi\u00f3n de traducciones o correcci\u00f3n de textos originales en espa\u00f1ol. Revisi\u00f3n &#8230; <a title=\"Correcci\u00f3n\" class=\"read-more\" href=\"https:\/\/www.globalja.de\/es\/correccion\/\" aria-label=\"Leer m\u00e1s sobre Correcci\u00f3n\">Leer m\u00e1s<\/a><\/p>\n","protected":false},"author":1,"featured_media":0,"parent":0,"menu_order":0,"comment_status":"closed","ping_status":"closed","template":"","meta":{"footnotes":""},"class_list":["post-20076","page","type-page","status-publish"],"yoast_head":"<!-- This site is optimized with the Yoast SEO plugin v25.2 - https:\/\/yoast.com\/wordpress\/plugins\/seo\/ -->\n<title>Correcci\u00f3n y revisi\u00f3n de textos en espa\u00f1ol - Globalja<\/title>\n<meta name=\"description\" content=\"Deja tus textos en mis manos y yo me encargo de revisarlos, mejorar el estilo y adaptarlos para su p\u00fablico objetivo.\" \/>\n<meta name=\"robots\" content=\"index, follow, max-snippet:-1, max-image-preview:large, max-video-preview:-1\" \/>\n<link rel=\"canonical\" href=\"https:\/\/www.globalja.de\/es\/correccion\/\" \/>\n<meta property=\"og:locale\" content=\"es_ES\" \/>\n<meta property=\"og:type\" content=\"article\" \/>\n<meta property=\"og:title\" content=\"Correcci\u00f3n y revisi\u00f3n de textos en espa\u00f1ol - Globalja\" \/>\n<meta property=\"og:description\" content=\"Deja tus textos en mis manos y yo me encargo de revisarlos, mejorar el estilo y adaptarlos para su p\u00fablico objetivo.\" \/>\n<meta property=\"og:url\" content=\"https:\/\/www.globalja.de\/es\/correccion\/\" \/>\n<meta property=\"og:site_name\" content=\"Globalja\" \/>\n<meta property=\"article:modified_time\" content=\"2025-06-05T07:46:31+00:00\" \/>\n<meta property=\"og:image\" content=\"https:\/\/www.globalja.de\/wp-content\/uploads\/2025\/03\/correccion-profesional-para-textos-de-calidad-1024x759.jpg\" \/>\n<meta name=\"twitter:card\" content=\"summary_large_image\" \/>\n<meta name=\"twitter:label1\" content=\"Tiempo de lectura\" \/>\n\t<meta name=\"twitter:data1\" content=\"2 minutos\" \/>\n<script type=\"application\/ld+json\" class=\"yoast-schema-graph\">{\"@context\":\"https:\/\/schema.org\",\"@graph\":[{\"@type\":\"WebPage\",\"@id\":\"https:\/\/www.globalja.de\/es\/correccion\/\",\"url\":\"https:\/\/www.globalja.de\/es\/correccion\/\",\"name\":\"Correcci\u00f3n y revisi\u00f3n de textos en espa\u00f1ol - Globalja\",\"isPartOf\":{\"@id\":\"https:\/\/www.globalja.de\/#website\"},\"primaryImageOfPage\":{\"@id\":\"https:\/\/www.globalja.de\/es\/correccion\/#primaryimage\"},\"image\":{\"@id\":\"https:\/\/www.globalja.de\/es\/correccion\/#primaryimage\"},\"thumbnailUrl\":\"https:\/\/www.globalja.de\/wp-content\/uploads\/2025\/03\/correccion-profesional-para-textos-de-calidad-1024x759.jpg\",\"datePublished\":\"2024-12-12T22:37:34+00:00\",\"dateModified\":\"2025-06-05T07:46:31+00:00\",\"description\":\"Deja tus textos en mis manos y yo me encargo de revisarlos, mejorar el estilo y adaptarlos para su p\u00fablico objetivo.\",\"breadcrumb\":{\"@id\":\"https:\/\/www.globalja.de\/es\/correccion\/#breadcrumb\"},\"inLanguage\":\"es\",\"potentialAction\":[{\"@type\":\"ReadAction\",\"target\":[\"https:\/\/www.globalja.de\/es\/correccion\/\"]}]},{\"@type\":\"ImageObject\",\"inLanguage\":\"es\",\"@id\":\"https:\/\/www.globalja.de\/es\/correccion\/#primaryimage\",\"url\":\"https:\/\/www.globalja.de\/wp-content\/uploads\/2025\/03\/correccion-profesional-para-textos-de-calidad-1024x759.jpg\",\"contentUrl\":\"https:\/\/www.globalja.de\/wp-content\/uploads\/2025\/03\/correccion-profesional-para-textos-de-calidad-1024x759.jpg\"},{\"@type\":\"BreadcrumbList\",\"@id\":\"https:\/\/www.globalja.de\/es\/correccion\/#breadcrumb\",\"itemListElement\":[{\"@type\":\"ListItem\",\"position\":1,\"name\":\"Startseite\",\"item\":\"https:\/\/www.globalja.de\/es\/\"},{\"@type\":\"ListItem\",\"position\":2,\"name\":\"Correcci\u00f3n\"}]},{\"@type\":\"WebSite\",\"@id\":\"https:\/\/www.globalja.de\/#website\",\"url\":\"https:\/\/www.globalja.de\/\",\"name\":\"Globalja\",\"description\":\"\",\"publisher\":{\"@id\":\"https:\/\/www.globalja.de\/#organization\"},\"potentialAction\":[{\"@type\":\"SearchAction\",\"target\":{\"@type\":\"EntryPoint\",\"urlTemplate\":\"https:\/\/www.globalja.de\/?s={search_term_string}\"},\"query-input\":{\"@type\":\"PropertyValueSpecification\",\"valueRequired\":true,\"valueName\":\"search_term_string\"}}],\"inLanguage\":\"es\"},{\"@type\":\"Organization\",\"@id\":\"https:\/\/www.globalja.de\/#organization\",\"name\":\"Globalja\",\"url\":\"https:\/\/www.globalja.de\/\",\"logo\":{\"@type\":\"ImageObject\",\"inLanguage\":\"es\",\"@id\":\"https:\/\/www.globalja.de\/#\/schema\/logo\/image\/\",\"url\":\"https:\/\/www.globalja.de\/wp-content\/uploads\/2024\/12\/cropped-logo-globalja.png\",\"contentUrl\":\"https:\/\/www.globalja.de\/wp-content\/uploads\/2024\/12\/cropped-logo-globalja.png\",\"width\":220,\"height\":58,\"caption\":\"Globalja\"},\"image\":{\"@id\":\"https:\/\/www.globalja.de\/#\/schema\/logo\/image\/\"}}]}<\/script>\n<!-- \/ Yoast SEO plugin. -->","yoast_head_json":{"title":"Correcci\u00f3n y revisi\u00f3n de textos en espa\u00f1ol - Globalja","description":"Deja tus textos en mis manos y yo me encargo de revisarlos, mejorar el estilo y adaptarlos para su p\u00fablico objetivo.","robots":{"index":"index","follow":"follow","max-snippet":"max-snippet:-1","max-image-preview":"max-image-preview:large","max-video-preview":"max-video-preview:-1"},"canonical":"https:\/\/www.globalja.de\/es\/correccion\/","og_locale":"es_ES","og_type":"article","og_title":"Correcci\u00f3n y revisi\u00f3n de textos en espa\u00f1ol - Globalja","og_description":"Deja tus textos en mis manos y yo me encargo de revisarlos, mejorar el estilo y adaptarlos para su p\u00fablico objetivo.","og_url":"https:\/\/www.globalja.de\/es\/correccion\/","og_site_name":"Globalja","article_modified_time":"2025-06-05T07:46:31+00:00","og_image":[{"url":"https:\/\/www.globalja.de\/wp-content\/uploads\/2025\/03\/correccion-profesional-para-textos-de-calidad-1024x759.jpg","type":"","width":"","height":""}],"twitter_card":"summary_large_image","twitter_misc":{"Tiempo de lectura":"2 minutos"},"schema":{"@context":"https:\/\/schema.org","@graph":[{"@type":"WebPage","@id":"https:\/\/www.globalja.de\/es\/correccion\/","url":"https:\/\/www.globalja.de\/es\/correccion\/","name":"Correcci\u00f3n y revisi\u00f3n de textos en espa\u00f1ol - Globalja","isPartOf":{"@id":"https:\/\/www.globalja.de\/#website"},"primaryImageOfPage":{"@id":"https:\/\/www.globalja.de\/es\/correccion\/#primaryimage"},"image":{"@id":"https:\/\/www.globalja.de\/es\/correccion\/#primaryimage"},"thumbnailUrl":"https:\/\/www.globalja.de\/wp-content\/uploads\/2025\/03\/correccion-profesional-para-textos-de-calidad-1024x759.jpg","datePublished":"2024-12-12T22:37:34+00:00","dateModified":"2025-06-05T07:46:31+00:00","description":"Deja tus textos en mis manos y yo me encargo de revisarlos, mejorar el estilo y adaptarlos para su p\u00fablico objetivo.","breadcrumb":{"@id":"https:\/\/www.globalja.de\/es\/correccion\/#breadcrumb"},"inLanguage":"es","potentialAction":[{"@type":"ReadAction","target":["https:\/\/www.globalja.de\/es\/correccion\/"]}]},{"@type":"ImageObject","inLanguage":"es","@id":"https:\/\/www.globalja.de\/es\/correccion\/#primaryimage","url":"https:\/\/www.globalja.de\/wp-content\/uploads\/2025\/03\/correccion-profesional-para-textos-de-calidad-1024x759.jpg","contentUrl":"https:\/\/www.globalja.de\/wp-content\/uploads\/2025\/03\/correccion-profesional-para-textos-de-calidad-1024x759.jpg"},{"@type":"BreadcrumbList","@id":"https:\/\/www.globalja.de\/es\/correccion\/#breadcrumb","itemListElement":[{"@type":"ListItem","position":1,"name":"Startseite","item":"https:\/\/www.globalja.de\/es\/"},{"@type":"ListItem","position":2,"name":"Correcci\u00f3n"}]},{"@type":"WebSite","@id":"https:\/\/www.globalja.de\/#website","url":"https:\/\/www.globalja.de\/","name":"Globalja","description":"","publisher":{"@id":"https:\/\/www.globalja.de\/#organization"},"potentialAction":[{"@type":"SearchAction","target":{"@type":"EntryPoint","urlTemplate":"https:\/\/www.globalja.de\/?s={search_term_string}"},"query-input":{"@type":"PropertyValueSpecification","valueRequired":true,"valueName":"search_term_string"}}],"inLanguage":"es"},{"@type":"Organization","@id":"https:\/\/www.globalja.de\/#organization","name":"Globalja","url":"https:\/\/www.globalja.de\/","logo":{"@type":"ImageObject","inLanguage":"es","@id":"https:\/\/www.globalja.de\/#\/schema\/logo\/image\/","url":"https:\/\/www.globalja.de\/wp-content\/uploads\/2024\/12\/cropped-logo-globalja.png","contentUrl":"https:\/\/www.globalja.de\/wp-content\/uploads\/2024\/12\/cropped-logo-globalja.png","width":220,"height":58,"caption":"Globalja"},"image":{"@id":"https:\/\/www.globalja.de\/#\/schema\/logo\/image\/"}}]}},"_links":{"self":[{"href":"https:\/\/www.globalja.de\/es\/wp-json\/wp\/v2\/pages\/20076","targetHints":{"allow":["GET"]}}],"collection":[{"href":"https:\/\/www.globalja.de\/es\/wp-json\/wp\/v2\/pages"}],"about":[{"href":"https:\/\/www.globalja.de\/es\/wp-json\/wp\/v2\/types\/page"}],"author":[{"embeddable":true,"href":"https:\/\/www.globalja.de\/es\/wp-json\/wp\/v2\/users\/1"}],"replies":[{"embeddable":true,"href":"https:\/\/www.globalja.de\/es\/wp-json\/wp\/v2\/comments?post=20076"}],"version-history":[{"count":101,"href":"https:\/\/www.globalja.de\/es\/wp-json\/wp\/v2\/pages\/20076\/revisions"}],"predecessor-version":[{"id":22085,"href":"https:\/\/www.globalja.de\/es\/wp-json\/wp\/v2\/pages\/20076\/revisions\/22085"}],"wp:attachment":[{"href":"https:\/\/www.globalja.de\/es\/wp-json\/wp\/v2\/media?parent=20076"}],"curies":[{"name":"wp","href":"https:\/\/api.w.org\/{rel}","templated":true}]}}