{"id":20032,"date":"2024-12-12T14:01:10","date_gmt":"2024-12-12T13:01:10","guid":{"rendered":"https:\/\/globalja.de\/newweb\/?page_id=20032"},"modified":"2025-05-26T21:42:55","modified_gmt":"2025-05-26T19:42:55","slug":"traduccion","status":"publish","type":"page","link":"https:\/\/www.globalja.de\/es\/traduccion\/","title":{"rendered":"Traducci\u00f3n"},"content":{"rendered":"\t\t<div data-elementor-type=\"wp-page\" data-elementor-id=\"20032\" class=\"elementor elementor-20032\">\n\t\t\t\t<div class=\"elementor-element elementor-element-540fe85 e-flex e-con-boxed e-con e-parent\" data-id=\"540fe85\" data-element_type=\"container\" data-settings=\"{&quot;background_background&quot;:&quot;classic&quot;}\">\n\t\t\t\t\t<div class=\"e-con-inner\">\n\t\t\t\t<div class=\"elementor-element elementor-element-5896077 elementor-widget elementor-widget-heading\" data-id=\"5896077\" data-element_type=\"widget\" data-widget_type=\"heading.default\">\n\t\t\t\t<div class=\"elementor-widget-container\">\n\t\t\t\t\t<h1 class=\"elementor-heading-title elementor-size-default\">Traducci\u00f3n profesional para todos tus proyectos<\/h1>\t\t\t\t<\/div>\n\t\t\t\t<\/div>\n\t\t\t\t\t<\/div>\n\t\t\t\t<\/div>\n\t\t<div class=\"elementor-element elementor-element-d2b1d2e e-flex e-con-boxed e-con e-parent\" data-id=\"d2b1d2e\" data-element_type=\"container\">\n\t\t\t\t\t<div class=\"e-con-inner\">\n\t\t<div class=\"elementor-element elementor-element-fbe2ce7 e-con-full e-flex e-con e-child\" data-id=\"fbe2ce7\" data-element_type=\"container\">\n\t\t\t\t<div class=\"elementor-element elementor-element-ab24e92 elementor-widget elementor-widget-image\" data-id=\"ab24e92\" data-element_type=\"widget\" data-widget_type=\"image.default\">\n\t\t\t\t<div class=\"elementor-widget-container\">\n\t\t\t\t\t\t\t\t\t\t\t\t\t\t\t\t<a href=\"https:\/\/www.globalja.de\/es\/contactar\/\">\n\t\t\t\t\t\t\t<img fetchpriority=\"high\" decoding=\"async\" width=\"1000\" height=\"1000\" src=\"https:\/\/www.globalja.de\/wp-content\/uploads\/2025\/05\/traduccion-profesional-para-todos-tus-proyectos-munich-1.jpg\" class=\"attachment-large size-large wp-image-21800\" alt=\"Traducci\u00f3n profesional para todos tus proyectos\" srcset=\"https:\/\/www.globalja.de\/wp-content\/uploads\/2025\/05\/traduccion-profesional-para-todos-tus-proyectos-munich-1.jpg 1000w, https:\/\/www.globalja.de\/wp-content\/uploads\/2025\/05\/traduccion-profesional-para-todos-tus-proyectos-munich-1-300x300.jpg 300w, https:\/\/www.globalja.de\/wp-content\/uploads\/2025\/05\/traduccion-profesional-para-todos-tus-proyectos-munich-1-150x150.jpg 150w, https:\/\/www.globalja.de\/wp-content\/uploads\/2025\/05\/traduccion-profesional-para-todos-tus-proyectos-munich-1-768x768.jpg 768w\" sizes=\"(max-width: 1000px) 100vw, 1000px\" \/>\t\t\t\t\t\t\t\t<\/a>\n\t\t\t\t\t\t\t\t\t\t\t\t\t\t\t<\/div>\n\t\t\t\t<\/div>\n\t\t\t\t<\/div>\n\t\t<div class=\"elementor-element elementor-element-e925b8e e-con-full e-flex e-con e-child\" data-id=\"e925b8e\" data-element_type=\"container\" data-settings=\"{&quot;background_background&quot;:&quot;classic&quot;}\">\n\t\t\t\t<div class=\"elementor-element elementor-element-43d60f0 elementor-widget elementor-widget-heading\" data-id=\"43d60f0\" data-element_type=\"widget\" data-widget_type=\"heading.default\">\n\t\t\t\t<div class=\"elementor-widget-container\">\n\t\t\t\t\t<h2 class=\"elementor-heading-title elementor-size-default\">\u00bfQu\u00e9 necesitas? \n<\/h2>\t\t\t\t<\/div>\n\t\t\t\t<\/div>\n\t\t\t\t<div class=\"elementor-element elementor-element-4c12434 elementor-icon-list--layout-traditional elementor-list-item-link-full_width elementor-widget elementor-widget-icon-list\" data-id=\"4c12434\" data-element_type=\"widget\" data-widget_type=\"icon-list.default\">\n\t\t\t\t<div class=\"elementor-widget-container\">\n\t\t\t\t\t\t\t<ul class=\"elementor-icon-list-items\">\n\t\t\t\t\t\t\t<li class=\"elementor-icon-list-item\">\n\t\t\t\t\t\t\t\t\t\t\t<span class=\"elementor-icon-list-icon\">\n\t\t\t\t\t\t\t<svg aria-hidden=\"true\" class=\"e-font-icon-svg e-fas-angle-double-right\" viewBox=\"0 0 448 512\" xmlns=\"http:\/\/www.w3.org\/2000\/svg\"><path d=\"M224.3 273l-136 136c-9.4 9.4-24.6 9.4-33.9 0l-22.6-22.6c-9.4-9.4-9.4-24.6 0-33.9l96.4-96.4-96.4-96.4c-9.4-9.4-9.4-24.6 0-33.9L54.3 103c9.4-9.4 24.6-9.4 33.9 0l136 136c9.5 9.4 9.5 24.6.1 34zm192-34l-136-136c-9.4-9.4-24.6-9.4-33.9 0l-22.6 22.6c-9.4 9.4-9.4 24.6 0 33.9l96.4 96.4-96.4 96.4c-9.4 9.4-9.4 24.6 0 33.9l22.6 22.6c9.4 9.4 24.6 9.4 33.9 0l136-136c9.4-9.2 9.4-24.4 0-33.8z\"><\/path><\/svg>\t\t\t\t\t\t<\/span>\n\t\t\t\t\t\t\t\t\t\t<span class=\"elementor-icon-list-text\">Traducci\u00f3n de documentos corporativos, contratos, trabajos de investigaci\u00f3n, contenidos comerciales, textos creativos, etc.  <\/span>\n\t\t\t\t\t\t\t\t\t<\/li>\n\t\t\t\t\t\t\t\t<li class=\"elementor-icon-list-item\">\n\t\t\t\t\t\t\t\t\t\t\t<span class=\"elementor-icon-list-icon\">\n\t\t\t\t\t\t\t<svg aria-hidden=\"true\" class=\"e-font-icon-svg e-fas-angle-double-right\" viewBox=\"0 0 448 512\" xmlns=\"http:\/\/www.w3.org\/2000\/svg\"><path d=\"M224.3 273l-136 136c-9.4 9.4-24.6 9.4-33.9 0l-22.6-22.6c-9.4-9.4-9.4-24.6 0-33.9l96.4-96.4-96.4-96.4c-9.4-9.4-9.4-24.6 0-33.9L54.3 103c9.4-9.4 24.6-9.4 33.9 0l136 136c9.5 9.4 9.5 24.6.1 34zm192-34l-136-136c-9.4-9.4-24.6-9.4-33.9 0l-22.6 22.6c-9.4 9.4-9.4 24.6 0 33.9l96.4 96.4-96.4 96.4c-9.4 9.4-9.4 24.6 0 33.9l22.6 22.6c9.4 9.4 24.6 9.4 33.9 0l136-136c9.4-9.2 9.4-24.4 0-33.8z\"><\/path><\/svg>\t\t\t\t\t\t<\/span>\n\t\t\t\t\t\t\t\t\t\t<span class=\"elementor-icon-list-text\">Localizaci\u00f3n de p\u00e1ginas web, aplicaciones, cursos de <i>e-learning<\/i>, comercio electr\u00f3nico, etc.<\/span>\n\t\t\t\t\t\t\t\t\t<\/li>\n\t\t\t\t\t\t\t\t<li class=\"elementor-icon-list-item\">\n\t\t\t\t\t\t\t\t\t\t\t<span class=\"elementor-icon-list-icon\">\n\t\t\t\t\t\t\t<svg aria-hidden=\"true\" class=\"e-font-icon-svg e-fas-angle-double-right\" viewBox=\"0 0 448 512\" xmlns=\"http:\/\/www.w3.org\/2000\/svg\"><path d=\"M224.3 273l-136 136c-9.4 9.4-24.6 9.4-33.9 0l-22.6-22.6c-9.4-9.4-9.4-24.6 0-33.9l96.4-96.4-96.4-96.4c-9.4-9.4-9.4-24.6 0-33.9L54.3 103c9.4-9.4 24.6-9.4 33.9 0l136 136c9.5 9.4 9.5 24.6.1 34zm192-34l-136-136c-9.4-9.4-24.6-9.4-33.9 0l-22.6 22.6c-9.4 9.4-9.4 24.6 0 33.9l96.4 96.4-96.4 96.4c-9.4 9.4-9.4 24.6 0 33.9l22.6 22.6c9.4 9.4 24.6 9.4 33.9 0l136-136c9.4-9.2 9.4-24.4 0-33.8z\"><\/path><\/svg>\t\t\t\t\t\t<\/span>\n\t\t\t\t\t\t\t\t\t\t<span class=\"elementor-icon-list-text\">Transcripci\u00f3n de audio y v\u00eddeo<\/span>\n\t\t\t\t\t\t\t\t\t<\/li>\n\t\t\t\t\t\t\t\t<li class=\"elementor-icon-list-item\">\n\t\t\t\t\t\t\t\t\t\t\t<span class=\"elementor-icon-list-icon\">\n\t\t\t\t\t\t\t<svg aria-hidden=\"true\" class=\"e-font-icon-svg e-fas-angle-double-right\" viewBox=\"0 0 448 512\" xmlns=\"http:\/\/www.w3.org\/2000\/svg\"><path d=\"M224.3 273l-136 136c-9.4 9.4-24.6 9.4-33.9 0l-22.6-22.6c-9.4-9.4-9.4-24.6 0-33.9l96.4-96.4-96.4-96.4c-9.4-9.4-9.4-24.6 0-33.9L54.3 103c9.4-9.4 24.6-9.4 33.9 0l136 136c9.5 9.4 9.5 24.6.1 34zm192-34l-136-136c-9.4-9.4-24.6-9.4-33.9 0l-22.6 22.6c-9.4 9.4-9.4 24.6 0 33.9l96.4 96.4-96.4 96.4c-9.4 9.4-9.4 24.6 0 33.9l22.6 22.6c9.4 9.4 24.6 9.4 33.9 0l136-136c9.4-9.2 9.4-24.4 0-33.8z\"><\/path><\/svg>\t\t\t\t\t\t<\/span>\n\t\t\t\t\t\t\t\t\t\t<span class=\"elementor-icon-list-text\">Posedici\u00f3n de traducciones autom\u00e1ticas<\/span>\n\t\t\t\t\t\t\t\t\t<\/li>\n\t\t\t\t\t\t<\/ul>\n\t\t\t\t\t\t<\/div>\n\t\t\t\t<\/div>\n\t\t\t\t<div class=\"elementor-element elementor-element-0d30e3e elementor-widget elementor-widget-button\" data-id=\"0d30e3e\" data-element_type=\"widget\" data-widget_type=\"button.default\">\n\t\t\t\t<div class=\"elementor-widget-container\">\n\t\t\t\t\t\t\t\t\t<div class=\"elementor-button-wrapper\">\n\t\t\t\t\t<a class=\"elementor-button elementor-button-link elementor-size-sm\" href=\"https:\/\/www.globalja.de\/es\/contactar\/\">\n\t\t\t\t\t\t<span class=\"elementor-button-content-wrapper\">\n\t\t\t\t\t\t<span class=\"elementor-button-icon\">\n\t\t\t\t<svg aria-hidden=\"true\" class=\"e-font-icon-svg e-fas-angle-double-right\" viewBox=\"0 0 448 512\" xmlns=\"http:\/\/www.w3.org\/2000\/svg\"><path d=\"M224.3 273l-136 136c-9.4 9.4-24.6 9.4-33.9 0l-22.6-22.6c-9.4-9.4-9.4-24.6 0-33.9l96.4-96.4-96.4-96.4c-9.4-9.4-9.4-24.6 0-33.9L54.3 103c9.4-9.4 24.6-9.4 33.9 0l136 136c9.5 9.4 9.5 24.6.1 34zm192-34l-136-136c-9.4-9.4-24.6-9.4-33.9 0l-22.6 22.6c-9.4 9.4-9.4 24.6 0 33.9l96.4 96.4-96.4 96.4c-9.4 9.4-9.4 24.6 0 33.9l22.6 22.6c9.4 9.4 24.6 9.4 33.9 0l136-136c9.4-9.2 9.4-24.4 0-33.8z\"><\/path><\/svg>\t\t\t<\/span>\n\t\t\t\t\t\t\t\t\t<span class=\"elementor-button-text\">Contacta conmigo<\/span>\n\t\t\t\t\t<\/span>\n\t\t\t\t\t<\/a>\n\t\t\t\t<\/div>\n\t\t\t\t\t\t\t\t<\/div>\n\t\t\t\t<\/div>\n\t\t\t\t<\/div>\n\t\t\t\t\t<\/div>\n\t\t\t\t<\/div>\n\t\t<div class=\"elementor-element elementor-element-21ec94d e-flex e-con-boxed e-con e-parent\" data-id=\"21ec94d\" data-element_type=\"container\">\n\t\t\t\t\t<div class=\"e-con-inner\">\n\t\t\t\t<div class=\"elementor-element elementor-element-b46b484 elementor-widget elementor-widget-heading\" data-id=\"b46b484\" data-element_type=\"widget\" data-widget_type=\"heading.default\">\n\t\t\t\t<div class=\"elementor-widget-container\">\n\t\t\t\t\t<h2 class=\"elementor-heading-title elementor-size-default\">Esto es lo que te ofrezco:<\/h2>\t\t\t\t<\/div>\n\t\t\t\t<\/div>\n\t\t\t\t<div class=\"elementor-element elementor-element-cac6a12 elementor-widget elementor-widget-text-editor\" data-id=\"cac6a12\" data-element_type=\"widget\" data-widget_type=\"text-editor.default\">\n\t\t\t\t<div class=\"elementor-widget-container\">\n\t\t\t\t\t\t\t\t\t<p><strong style=\"color: #de543f;\">Traducciones claras<\/strong>, bien redactadas, <strong>que suenen aut\u00e9nticas en espa\u00f1ol<\/strong> y no a traducciones literales.<\/p>\t\t\t\t\t\t\t\t<\/div>\n\t\t\t\t<\/div>\n\t\t\t\t\t<\/div>\n\t\t\t\t<\/div>\n\t\t<div class=\"elementor-element elementor-element-9ebb307 e-flex e-con-boxed e-con e-parent\" data-id=\"9ebb307\" data-element_type=\"container\">\n\t\t\t\t\t<div class=\"e-con-inner\">\n\t\t<div class=\"elementor-element elementor-element-6bb0a98 e-con-full e-flex e-con e-child\" data-id=\"6bb0a98\" data-element_type=\"container\" data-settings=\"{&quot;background_background&quot;:&quot;classic&quot;}\">\n\t\t\t\t<div class=\"elementor-element elementor-element-8d80b5a elementor-view-stacked elementor-position-left elementor-shape-circle elementor-mobile-position-top elementor-vertical-align-top elementor-widget elementor-widget-icon-box\" data-id=\"8d80b5a\" data-element_type=\"widget\" data-widget_type=\"icon-box.default\">\n\t\t\t\t<div class=\"elementor-widget-container\">\n\t\t\t\t\t\t\t<div class=\"elementor-icon-box-wrapper\">\n\n\t\t\t\t\t\t<div class=\"elementor-icon-box-icon\">\n\t\t\t\t<span  class=\"elementor-icon\">\n\t\t\t\t<svg aria-hidden=\"true\" class=\"e-font-icon-svg e-fas-check\" viewBox=\"0 0 512 512\" xmlns=\"http:\/\/www.w3.org\/2000\/svg\"><path d=\"M173.898 439.404l-166.4-166.4c-9.997-9.997-9.997-26.206 0-36.204l36.203-36.204c9.997-9.998 26.207-9.998 36.204 0L192 312.69 432.095 72.596c9.997-9.997 26.207-9.997 36.204 0l36.203 36.204c9.997 9.997 9.997 26.206 0 36.204l-294.4 294.401c-9.998 9.997-26.207 9.997-36.204-.001z\"><\/path><\/svg>\t\t\t\t<\/span>\n\t\t\t<\/div>\n\t\t\t\n\t\t\t\t\t\t<div class=\"elementor-icon-box-content\">\n\n\t\t\t\t\t\t\t\t\t<h3 class=\"elementor-icon-box-title\">\n\t\t\t\t\t\t<span  >\n\t\t\t\t\t\t\tNaturales y precisas\t\t\t\t\t\t<\/span>\n\t\t\t\t\t<\/h3>\n\t\t\t\t\n\t\t\t\t\t\t\t\t\t<p class=\"elementor-icon-box-description\">\n\t\t\t\t\t\tInspiran confianza y son fieles a tu lenguaje y estilo.\t\t\t\t\t<\/p>\n\t\t\t\t\n\t\t\t<\/div>\n\t\t\t\n\t\t<\/div>\n\t\t\t\t\t\t<\/div>\n\t\t\t\t<\/div>\n\t\t\t\t<\/div>\n\t\t<div class=\"elementor-element elementor-element-d8d22ba e-con-full e-flex e-con e-child\" data-id=\"d8d22ba\" data-element_type=\"container\" data-settings=\"{&quot;background_background&quot;:&quot;classic&quot;}\">\n\t\t\t\t<div class=\"elementor-element elementor-element-eeec12d elementor-view-stacked elementor-position-left elementor-shape-circle elementor-mobile-position-top elementor-vertical-align-top elementor-widget elementor-widget-icon-box\" data-id=\"eeec12d\" data-element_type=\"widget\" data-widget_type=\"icon-box.default\">\n\t\t\t\t<div class=\"elementor-widget-container\">\n\t\t\t\t\t\t\t<div class=\"elementor-icon-box-wrapper\">\n\n\t\t\t\t\t\t<div class=\"elementor-icon-box-icon\">\n\t\t\t\t<span  class=\"elementor-icon\">\n\t\t\t\t<svg aria-hidden=\"true\" class=\"e-font-icon-svg e-far-bell\" viewBox=\"0 0 448 512\" xmlns=\"http:\/\/www.w3.org\/2000\/svg\"><path d=\"M439.39 362.29c-19.32-20.76-55.47-51.99-55.47-154.29 0-77.7-54.48-139.9-127.94-155.16V32c0-17.67-14.32-32-31.98-32s-31.98 14.33-31.98 32v20.84C118.56 68.1 64.08 130.3 64.08 208c0 102.3-36.15 133.53-55.47 154.29-6 6.45-8.66 14.16-8.61 21.71.11 16.4 12.98 32 32.1 32h383.8c19.12 0 32-15.6 32.1-32 .05-7.55-2.61-15.27-8.61-21.71zM67.53 368c21.22-27.97 44.42-74.33 44.53-159.42 0-.2-.06-.38-.06-.58 0-61.86 50.14-112 112-112s112 50.14 112 112c0 .2-.06.38-.06.58.11 85.1 23.31 131.46 44.53 159.42H67.53zM224 512c35.32 0 63.97-28.65 63.97-64H160.03c0 35.35 28.65 64 63.97 64z\"><\/path><\/svg>\t\t\t\t<\/span>\n\t\t\t<\/div>\n\t\t\t\n\t\t\t\t\t\t<div class=\"elementor-icon-box-content\">\n\n\t\t\t\t\t\t\t\t\t<h3 class=\"elementor-icon-box-title\">\n\t\t\t\t\t\t<span  >\n\t\t\t\t\t\t\tConvincentes\t\t\t\t\t\t<\/span>\n\t\t\t\t\t<\/h3>\n\t\t\t\t\n\t\t\t\t\t\t\t\t\t<p class=\"elementor-icon-box-description\">\n\t\t\t\t\t\tComunican bien tu mensaje, conectan con <br>el p\u00fablico de tu sector y convencen.\t\t\t\t\t<\/p>\n\t\t\t\t\n\t\t\t<\/div>\n\t\t\t\n\t\t<\/div>\n\t\t\t\t\t\t<\/div>\n\t\t\t\t<\/div>\n\t\t\t\t<\/div>\n\t\t<div class=\"elementor-element elementor-element-0f7e8a0 e-con-full e-flex e-con e-child\" data-id=\"0f7e8a0\" data-element_type=\"container\" data-settings=\"{&quot;background_background&quot;:&quot;classic&quot;}\">\n\t\t\t\t<div class=\"elementor-element elementor-element-669cf2c elementor-view-stacked elementor-position-left elementor-shape-circle elementor-mobile-position-top elementor-vertical-align-top elementor-widget elementor-widget-icon-box\" data-id=\"669cf2c\" data-element_type=\"widget\" data-widget_type=\"icon-box.default\">\n\t\t\t\t<div class=\"elementor-widget-container\">\n\t\t\t\t\t\t\t<div class=\"elementor-icon-box-wrapper\">\n\n\t\t\t\t\t\t<div class=\"elementor-icon-box-icon\">\n\t\t\t\t<span  class=\"elementor-icon\">\n\t\t\t\t<svg aria-hidden=\"true\" class=\"e-font-icon-svg e-fas-user-check\" viewBox=\"0 0 640 512\" xmlns=\"http:\/\/www.w3.org\/2000\/svg\"><path d=\"M224 256c70.7 0 128-57.3 128-128S294.7 0 224 0 96 57.3 96 128s57.3 128 128 128zm89.6 32h-16.7c-22.2 10.2-46.9 16-72.9 16s-50.6-5.8-72.9-16h-16.7C60.2 288 0 348.2 0 422.4V464c0 26.5 21.5 48 48 48h352c26.5 0 48-21.5 48-48v-41.6c0-74.2-60.2-134.4-134.4-134.4zm323-128.4l-27.8-28.1c-4.6-4.7-12.1-4.7-16.8-.1l-104.8 104-45.5-45.8c-4.6-4.7-12.1-4.7-16.8-.1l-28.1 27.9c-4.7 4.6-4.7 12.1-.1 16.8l81.7 82.3c4.6 4.7 12.1 4.7 16.8.1l141.3-140.2c4.6-4.7 4.7-12.2.1-16.8z\"><\/path><\/svg>\t\t\t\t<\/span>\n\t\t\t<\/div>\n\t\t\t\n\t\t\t\t\t\t<div class=\"elementor-icon-box-content\">\n\n\t\t\t\t\t\t\t\t\t<h3 class=\"elementor-icon-box-title\">\n\t\t\t\t\t\t<span  >\n\t\t\t\t\t\t\tOptimizadas\t\t\t\t\t\t<\/span>\n\t\t\t\t\t<\/h3>\n\t\t\t\t\n\t\t\t\t\t\t\t\t\t<p class=\"elementor-icon-box-description\">\n\t\t\t\t\t\tSe ajustan al canal, formato y p\u00fablico al<br>que se dirigen.\t\t\t\t\t<\/p>\n\t\t\t\t\n\t\t\t<\/div>\n\t\t\t\n\t\t<\/div>\n\t\t\t\t\t\t<\/div>\n\t\t\t\t<\/div>\n\t\t\t\t<\/div>\n\t\t\t\t\t<\/div>\n\t\t\t\t<\/div>\n\t\t<div class=\"elementor-element elementor-element-f10f126 e-flex e-con-boxed e-con e-parent\" data-id=\"f10f126\" data-element_type=\"container\" data-settings=\"{&quot;background_background&quot;:&quot;classic&quot;}\">\n\t\t\t\t\t<div class=\"e-con-inner\">\n\t\t<div class=\"elementor-element elementor-element-4e5736e e-con-full e-flex e-con e-child\" data-id=\"4e5736e\" data-element_type=\"container\" data-settings=\"{&quot;background_background&quot;:&quot;classic&quot;}\">\n\t\t\t\t<div class=\"elementor-element elementor-element-cf2365d elementor-widget elementor-widget-heading\" data-id=\"cf2365d\" data-element_type=\"widget\" data-widget_type=\"heading.default\">\n\t\t\t\t<div class=\"elementor-widget-container\">\n\t\t\t\t\t<h2 class=\"elementor-heading-title elementor-size-default\">M\u00e1s ventajas para ti<\/h2>\t\t\t\t<\/div>\n\t\t\t\t<\/div>\n\t\t\t\t<div class=\"elementor-element elementor-element-979f208 elementor-widget elementor-widget-text-editor\" data-id=\"979f208\" data-element_type=\"widget\" data-widget_type=\"text-editor.default\">\n\t\t\t\t<div class=\"elementor-widget-container\">\n\t\t\t\t\t\t\t\t\t<p>Como la mayor\u00eda de los profesionales de la traducci\u00f3n, uso&nbsp;<b>herramientas<\/b> modernas de traducci\u00f3n asistida como&nbsp; Trados Studio y MultiTerm. Estas herramientas me permiten crear memorias de traducci\u00f3n y bases de datos terminol\u00f3gicas que sirven para mantener la precisi\u00f3n y coherencia entre los textos, adem\u00e1s de ahorrar tiempo y costes.<\/p>\t\t\t\t\t\t\t\t<\/div>\n\t\t\t\t<\/div>\n\t\t\t\t<\/div>\n\t\t\t\t\t<\/div>\n\t\t\t\t<\/div>\n\t\t\t\t<\/div>\n\t\t","protected":false},"excerpt":{"rendered":"<p>Traducci\u00f3n profesional para todos tus proyectos \u00bfQu\u00e9 necesitas? Traducci\u00f3n de documentos corporativos, contratos, trabajos de investigaci\u00f3n, contenidos comerciales, textos creativos, etc. Localizaci\u00f3n de p\u00e1ginas web, aplicaciones, cursos de e-learning, comercio electr\u00f3nico, etc. Transcripci\u00f3n de audio y v\u00eddeo Posedici\u00f3n de traducciones autom\u00e1ticas Contacta conmigo Esto es lo que te ofrezco: Traducciones claras, bien redactadas, que suenen &#8230; <a title=\"Traducci\u00f3n\" class=\"read-more\" href=\"https:\/\/www.globalja.de\/es\/traduccion\/\" aria-label=\"Leer m\u00e1s sobre Traducci\u00f3n\">Leer m\u00e1s<\/a><\/p>\n","protected":false},"author":1,"featured_media":0,"parent":0,"menu_order":0,"comment_status":"closed","ping_status":"closed","template":"","meta":{"footnotes":""},"class_list":["post-20032","page","type-page","status-publish"],"yoast_head":"<!-- This site is optimized with the Yoast SEO plugin v25.2 - https:\/\/yoast.com\/wordpress\/plugins\/seo\/ -->\n<title>Traducci\u00f3n profesional de alem\u00e1n e ingl\u00e9s a espa\u00f1ol.<\/title>\n<meta name=\"description\" content=\"Servicios de traducci\u00f3n, localizaci\u00f3n y posedici\u00f3n. Textos claros, que comunican bien y generan confianza.\" \/>\n<meta name=\"robots\" content=\"index, follow, max-snippet:-1, max-image-preview:large, max-video-preview:-1\" \/>\n<link rel=\"canonical\" href=\"https:\/\/www.globalja.de\/es\/traduccion\/\" \/>\n<meta property=\"og:locale\" content=\"es_ES\" \/>\n<meta property=\"og:type\" content=\"article\" \/>\n<meta property=\"og:title\" content=\"Traducci\u00f3n profesional de alem\u00e1n e ingl\u00e9s a espa\u00f1ol.\" \/>\n<meta property=\"og:description\" content=\"Servicios de traducci\u00f3n, localizaci\u00f3n y posedici\u00f3n. Textos claros, que comunican bien y generan confianza.\" \/>\n<meta property=\"og:url\" content=\"https:\/\/www.globalja.de\/es\/traduccion\/\" \/>\n<meta property=\"og:site_name\" content=\"Globalja\" \/>\n<meta property=\"article:modified_time\" content=\"2025-05-26T19:42:55+00:00\" \/>\n<meta property=\"og:image\" content=\"https:\/\/www.globalja.de\/wp-content\/uploads\/2025\/05\/traduccion-profesional-para-todos-tus-proyectos-munich-1.jpg\" \/>\n<meta name=\"twitter:card\" content=\"summary_large_image\" \/>\n<meta name=\"twitter:label1\" content=\"Tiempo de lectura\" \/>\n\t<meta name=\"twitter:data1\" content=\"1 minuto\" \/>\n<script type=\"application\/ld+json\" class=\"yoast-schema-graph\">{\"@context\":\"https:\/\/schema.org\",\"@graph\":[{\"@type\":\"WebPage\",\"@id\":\"https:\/\/www.globalja.de\/es\/traduccion\/\",\"url\":\"https:\/\/www.globalja.de\/es\/traduccion\/\",\"name\":\"Traducci\u00f3n profesional de alem\u00e1n e ingl\u00e9s a espa\u00f1ol.\",\"isPartOf\":{\"@id\":\"https:\/\/www.globalja.de\/#website\"},\"primaryImageOfPage\":{\"@id\":\"https:\/\/www.globalja.de\/es\/traduccion\/#primaryimage\"},\"image\":{\"@id\":\"https:\/\/www.globalja.de\/es\/traduccion\/#primaryimage\"},\"thumbnailUrl\":\"https:\/\/www.globalja.de\/wp-content\/uploads\/2025\/05\/traduccion-profesional-para-todos-tus-proyectos-munich-1.jpg\",\"datePublished\":\"2024-12-12T13:01:10+00:00\",\"dateModified\":\"2025-05-26T19:42:55+00:00\",\"description\":\"Servicios de traducci\u00f3n, localizaci\u00f3n y posedici\u00f3n. Textos claros, que comunican bien y generan confianza.\",\"breadcrumb\":{\"@id\":\"https:\/\/www.globalja.de\/es\/traduccion\/#breadcrumb\"},\"inLanguage\":\"es\",\"potentialAction\":[{\"@type\":\"ReadAction\",\"target\":[\"https:\/\/www.globalja.de\/es\/traduccion\/\"]}]},{\"@type\":\"ImageObject\",\"inLanguage\":\"es\",\"@id\":\"https:\/\/www.globalja.de\/es\/traduccion\/#primaryimage\",\"url\":\"https:\/\/www.globalja.de\/wp-content\/uploads\/2025\/05\/traduccion-profesional-para-todos-tus-proyectos-munich-1.jpg\",\"contentUrl\":\"https:\/\/www.globalja.de\/wp-content\/uploads\/2025\/05\/traduccion-profesional-para-todos-tus-proyectos-munich-1.jpg\"},{\"@type\":\"BreadcrumbList\",\"@id\":\"https:\/\/www.globalja.de\/es\/traduccion\/#breadcrumb\",\"itemListElement\":[{\"@type\":\"ListItem\",\"position\":1,\"name\":\"Startseite\",\"item\":\"https:\/\/www.globalja.de\/es\/\"},{\"@type\":\"ListItem\",\"position\":2,\"name\":\"Traducci\u00f3n\"}]},{\"@type\":\"WebSite\",\"@id\":\"https:\/\/www.globalja.de\/#website\",\"url\":\"https:\/\/www.globalja.de\/\",\"name\":\"Globalja\",\"description\":\"\",\"publisher\":{\"@id\":\"https:\/\/www.globalja.de\/#organization\"},\"potentialAction\":[{\"@type\":\"SearchAction\",\"target\":{\"@type\":\"EntryPoint\",\"urlTemplate\":\"https:\/\/www.globalja.de\/?s={search_term_string}\"},\"query-input\":{\"@type\":\"PropertyValueSpecification\",\"valueRequired\":true,\"valueName\":\"search_term_string\"}}],\"inLanguage\":\"es\"},{\"@type\":\"Organization\",\"@id\":\"https:\/\/www.globalja.de\/#organization\",\"name\":\"Globalja\",\"url\":\"https:\/\/www.globalja.de\/\",\"logo\":{\"@type\":\"ImageObject\",\"inLanguage\":\"es\",\"@id\":\"https:\/\/www.globalja.de\/#\/schema\/logo\/image\/\",\"url\":\"https:\/\/www.globalja.de\/wp-content\/uploads\/2024\/12\/cropped-logo-globalja.png\",\"contentUrl\":\"https:\/\/www.globalja.de\/wp-content\/uploads\/2024\/12\/cropped-logo-globalja.png\",\"width\":220,\"height\":58,\"caption\":\"Globalja\"},\"image\":{\"@id\":\"https:\/\/www.globalja.de\/#\/schema\/logo\/image\/\"}}]}<\/script>\n<!-- \/ Yoast SEO plugin. -->","yoast_head_json":{"title":"Traducci\u00f3n profesional de alem\u00e1n e ingl\u00e9s a espa\u00f1ol.","description":"Servicios de traducci\u00f3n, localizaci\u00f3n y posedici\u00f3n. Textos claros, que comunican bien y generan confianza.","robots":{"index":"index","follow":"follow","max-snippet":"max-snippet:-1","max-image-preview":"max-image-preview:large","max-video-preview":"max-video-preview:-1"},"canonical":"https:\/\/www.globalja.de\/es\/traduccion\/","og_locale":"es_ES","og_type":"article","og_title":"Traducci\u00f3n profesional de alem\u00e1n e ingl\u00e9s a espa\u00f1ol.","og_description":"Servicios de traducci\u00f3n, localizaci\u00f3n y posedici\u00f3n. Textos claros, que comunican bien y generan confianza.","og_url":"https:\/\/www.globalja.de\/es\/traduccion\/","og_site_name":"Globalja","article_modified_time":"2025-05-26T19:42:55+00:00","og_image":[{"url":"https:\/\/www.globalja.de\/wp-content\/uploads\/2025\/05\/traduccion-profesional-para-todos-tus-proyectos-munich-1.jpg","type":"","width":"","height":""}],"twitter_card":"summary_large_image","twitter_misc":{"Tiempo de lectura":"1 minuto"},"schema":{"@context":"https:\/\/schema.org","@graph":[{"@type":"WebPage","@id":"https:\/\/www.globalja.de\/es\/traduccion\/","url":"https:\/\/www.globalja.de\/es\/traduccion\/","name":"Traducci\u00f3n profesional de alem\u00e1n e ingl\u00e9s a espa\u00f1ol.","isPartOf":{"@id":"https:\/\/www.globalja.de\/#website"},"primaryImageOfPage":{"@id":"https:\/\/www.globalja.de\/es\/traduccion\/#primaryimage"},"image":{"@id":"https:\/\/www.globalja.de\/es\/traduccion\/#primaryimage"},"thumbnailUrl":"https:\/\/www.globalja.de\/wp-content\/uploads\/2025\/05\/traduccion-profesional-para-todos-tus-proyectos-munich-1.jpg","datePublished":"2024-12-12T13:01:10+00:00","dateModified":"2025-05-26T19:42:55+00:00","description":"Servicios de traducci\u00f3n, localizaci\u00f3n y posedici\u00f3n. Textos claros, que comunican bien y generan confianza.","breadcrumb":{"@id":"https:\/\/www.globalja.de\/es\/traduccion\/#breadcrumb"},"inLanguage":"es","potentialAction":[{"@type":"ReadAction","target":["https:\/\/www.globalja.de\/es\/traduccion\/"]}]},{"@type":"ImageObject","inLanguage":"es","@id":"https:\/\/www.globalja.de\/es\/traduccion\/#primaryimage","url":"https:\/\/www.globalja.de\/wp-content\/uploads\/2025\/05\/traduccion-profesional-para-todos-tus-proyectos-munich-1.jpg","contentUrl":"https:\/\/www.globalja.de\/wp-content\/uploads\/2025\/05\/traduccion-profesional-para-todos-tus-proyectos-munich-1.jpg"},{"@type":"BreadcrumbList","@id":"https:\/\/www.globalja.de\/es\/traduccion\/#breadcrumb","itemListElement":[{"@type":"ListItem","position":1,"name":"Startseite","item":"https:\/\/www.globalja.de\/es\/"},{"@type":"ListItem","position":2,"name":"Traducci\u00f3n"}]},{"@type":"WebSite","@id":"https:\/\/www.globalja.de\/#website","url":"https:\/\/www.globalja.de\/","name":"Globalja","description":"","publisher":{"@id":"https:\/\/www.globalja.de\/#organization"},"potentialAction":[{"@type":"SearchAction","target":{"@type":"EntryPoint","urlTemplate":"https:\/\/www.globalja.de\/?s={search_term_string}"},"query-input":{"@type":"PropertyValueSpecification","valueRequired":true,"valueName":"search_term_string"}}],"inLanguage":"es"},{"@type":"Organization","@id":"https:\/\/www.globalja.de\/#organization","name":"Globalja","url":"https:\/\/www.globalja.de\/","logo":{"@type":"ImageObject","inLanguage":"es","@id":"https:\/\/www.globalja.de\/#\/schema\/logo\/image\/","url":"https:\/\/www.globalja.de\/wp-content\/uploads\/2024\/12\/cropped-logo-globalja.png","contentUrl":"https:\/\/www.globalja.de\/wp-content\/uploads\/2024\/12\/cropped-logo-globalja.png","width":220,"height":58,"caption":"Globalja"},"image":{"@id":"https:\/\/www.globalja.de\/#\/schema\/logo\/image\/"}}]}},"_links":{"self":[{"href":"https:\/\/www.globalja.de\/es\/wp-json\/wp\/v2\/pages\/20032","targetHints":{"allow":["GET"]}}],"collection":[{"href":"https:\/\/www.globalja.de\/es\/wp-json\/wp\/v2\/pages"}],"about":[{"href":"https:\/\/www.globalja.de\/es\/wp-json\/wp\/v2\/types\/page"}],"author":[{"embeddable":true,"href":"https:\/\/www.globalja.de\/es\/wp-json\/wp\/v2\/users\/1"}],"replies":[{"embeddable":true,"href":"https:\/\/www.globalja.de\/es\/wp-json\/wp\/v2\/comments?post=20032"}],"version-history":[{"count":127,"href":"https:\/\/www.globalja.de\/es\/wp-json\/wp\/v2\/pages\/20032\/revisions"}],"predecessor-version":[{"id":22095,"href":"https:\/\/www.globalja.de\/es\/wp-json\/wp\/v2\/pages\/20032\/revisions\/22095"}],"wp:attachment":[{"href":"https:\/\/www.globalja.de\/es\/wp-json\/wp\/v2\/media?parent=20032"}],"curies":[{"name":"wp","href":"https:\/\/api.w.org\/{rel}","templated":true}]}}